{"id":8424,"date":"2026-04-02T13:11:40","date_gmt":"2026-04-02T18:11:40","guid":{"rendered":"https:\/\/mikrotiklab.online\/?page_id=8424"},"modified":"2026-04-02T22:11:46","modified_gmt":"2026-04-03T03:11:46","slug":"monitoreo-2","status":"publish","type":"page","link":"https:\/\/mikrotiklab.online\/en\/monitoreo-2\/","title":{"rendered":"Monitoreo"},"content":{"rendered":"<div data-elementor-type=\"wp-page\" data-elementor-id=\"8424\" class=\"elementor elementor-8424\">\n\t\t\t\t<div class=\"elementor-element elementor-element-4752ab32 e-flex e-con-boxed e-con e-parent\" data-id=\"4752ab32\" data-element_type=\"container\" data-e-type=\"container\" data-settings=\"{&quot;background_background&quot;:&quot;classic&quot;}\">\n\t\t\t\t\t<div class=\"e-con-inner\">\n\t\t<div class=\"elementor-element elementor-element-4f69fcfb e-con-full e-flex e-con e-child\" data-id=\"4f69fcfb\" data-element_type=\"container\" data-e-type=\"container\">\n\t\t\t\t<\/div>\n\t\t\t\t\t<\/div>\n\t\t\t\t<\/div>\n\t\t<div class=\"elementor-element elementor-element-486c998f e-flex e-con-boxed e-con e-parent\" data-id=\"486c998f\" data-element_type=\"container\" data-e-type=\"container\">\n\t\t\t\t\t<div class=\"e-con-inner\">\n\t\t<div class=\"elementor-element elementor-element-4c2d7fcd e-con-full e-flex e-con e-child\" data-id=\"4c2d7fcd\" data-element_type=\"container\" data-e-type=\"container\">\n\t\t<div class=\"elementor-element elementor-element-659f86bd e-con-full e-flex e-con e-child\" data-id=\"659f86bd\" data-element_type=\"container\" data-e-type=\"container\">\n\t\t<div class=\"elementor-element elementor-element-7f850a83 e-con-full e-flex e-con e-child\" data-id=\"7f850a83\" data-element_type=\"container\" data-e-type=\"container\" data-settings=\"{&quot;background_background&quot;:&quot;classic&quot;}\">\n\t\t\t\t<\/div>\n\t\t\t\t<\/div>\n\t\t<div class=\"elementor-element elementor-element-5fd0fa6b e-con-full e-flex e-con e-child\" data-id=\"5fd0fa6b\" data-element_type=\"container\" data-e-type=\"container\">\n\t\t\t\t<div class=\"elementor-element elementor-element-77f7df1f elementor-widget__width-inherit elementor-widget-mobile__width-inherit elementor-widget elementor-widget-heading\" data-id=\"77f7df1f\" data-element_type=\"widget\" data-e-type=\"widget\" data-widget_type=\"heading.default\">\n\t\t\t\t<div class=\"elementor-widget-container\">\n\t\t\t\t\t<h2 class=\"elementor-heading-title elementor-size-default\">Monitoreo<\/h2>\t\t\t\t<\/div>\n\t\t\t\t<\/div>\n\t\t\t\t<div class=\"elementor-element elementor-element-1e801cf1 elementor-widget-tablet__width-initial elementor-widget__width-initial elementor-widget elementor-widget-text-editor\" data-id=\"1e801cf1\" data-element_type=\"widget\" data-e-type=\"widget\" data-widget_type=\"text-editor.default\">\n\t\t\t\t<div class=\"elementor-widget-container\">\n\t\t\t\t\t\t\t\t\t<p>Servicio de monitoreo de red dise\u00f1ado para prevenir fallas, mejorar el rendimiento y garantizar la continuidad operativa. Detecta problemas antes de que afecten a tus clientes y mant\u00e9n el control total de tu infraestructura.<\/p>\t\t\t\t\t\t\t\t<\/div>\n\t\t\t\t<\/div>\n\t\t\t\t<div class=\"elementor-element elementor-element-112537bf elementor-vertical-align-top elementor-widget elementor-widget-image-box\" data-id=\"112537bf\" data-element_type=\"widget\" data-e-type=\"widget\" data-widget_type=\"image-box.default\">\n\t\t\t\t<div class=\"elementor-widget-container\">\n\t\t\t\t\t<div class=\"elementor-image-box-wrapper\"><div class=\"elementor-image-box-content\"><h3 class=\"elementor-image-box-title\">\ud83d\udda5\ufe0f Monitoreo en tiempo real <\/h3><p class=\"elementor-image-box-description\">Supervisi\u00f3n continua de dispositivos, enlaces y servicios cr\u00edticos para detectar fallas de forma oportuna y mantener visibilidad permanente sobre el estado de la red.<\/p><\/div><\/div>\t\t\t\t<\/div>\n\t\t\t\t<\/div>\n\t\t\t\t<div class=\"elementor-element elementor-element-6a8911af elementor-vertical-align-top elementor-widget elementor-widget-image-box\" data-id=\"6a8911af\" data-element_type=\"widget\" data-e-type=\"widget\" data-widget_type=\"image-box.default\">\n\t\t\t\t<div class=\"elementor-widget-container\">\n\t\t\t\t\t<div class=\"elementor-image-box-wrapper\"><div class=\"elementor-image-box-content\"><h3 class=\"elementor-image-box-title\">\ud83d\udd14 Alertas<\/h3><p class=\"elementor-image-box-description\">Configuraci\u00f3n de alertas autom\u00e1ticas ante ca\u00eddas, saturaci\u00f3n, p\u00e9rdida de conectividad, alto consumo de recursos o comportamientos an\u00f3malos en la infraestructura.<\/p><\/div><\/div>\t\t\t\t<\/div>\n\t\t\t\t<\/div>\n\t\t\t\t<div class=\"elementor-element elementor-element-752924a0 elementor-vertical-align-top elementor-widget elementor-widget-image-box\" data-id=\"752924a0\" data-element_type=\"widget\" data-e-type=\"widget\" data-widget_type=\"image-box.default\">\n\t\t\t\t<div class=\"elementor-widget-container\">\n\t\t\t\t\t<div class=\"elementor-image-box-wrapper\"><div class=\"elementor-image-box-content\"><h3 class=\"elementor-image-box-title\">\ud83d\udcc8 M\u00e9tricas y rendimiento<\/h3><p class=\"elementor-image-box-description\">Seguimiento de tr\u00e1fico, uso de CPU, memoria, interfaces, latencia y disponibilidad para optimizar el rendimiento y tomar decisiones basadas en datos.<\/p><\/div><\/div>\t\t\t\t<\/div>\n\t\t\t\t<\/div>\n\t\t\t\t<\/div>\n\t\t\t\t<\/div>\n\t\t\t\t\t<\/div>\n\t\t\t\t<\/div>\n\t\t<div class=\"elementor-element elementor-element-30aab25a e-flex e-con-boxed e-con e-parent\" data-id=\"30aab25a\" data-element_type=\"container\" data-e-type=\"container\" data-settings=\"{&quot;background_background&quot;:&quot;classic&quot;}\">\n\t\t\t\t\t<div class=\"e-con-inner\">\n\t\t\t\t\t<\/div>\n\t\t\t\t<\/div>\n\t\t\t\t<\/div>","protected":false},"excerpt":{"rendered":"<p>Monitoreo Servicio de monitoreo de red dise\u00f1ado para prevenir fallas, mejorar el rendimiento y garantizar la continuidad operativa. Detecta problemas antes de que afecten a tus clientes y mant\u00e9n el control total de tu infraestructura. \ud83d\udda5\ufe0f Monitoreo en tiempo real Supervisi\u00f3n continua de dispositivos, enlaces y servicios cr\u00edticos para detectar fallas de forma oportuna y<\/p>","protected":false},"author":1,"featured_media":0,"parent":0,"menu_order":0,"comment_status":"closed","ping_status":"closed","template":"elementor_header_footer","meta":{"solace_meta_sidebar":"","solace_meta_container":"","solace_meta_enable_content_width":"","solace_meta_content_width":0,"solace_meta_title_alignment":"","solace_meta_author_avatar":"","solace_post_elements_order":"","solace_meta_disable_header":"","solace_meta_disable_footer":"","solace_meta_disable_title":"","footnotes":""},"class_list":["post-8424","page","type-page","status-publish","hentry"],"yoast_head":"<!-- This site is optimized with the Yoast SEO plugin v27.3 - https:\/\/yoast.com\/product\/yoast-seo-wordpress\/ -->\n<title>Monitoreo - Instructores<\/title>\n<meta name=\"robots\" content=\"index, follow, max-snippet:-1, max-image-preview:large, max-video-preview:-1\" \/>\n<link rel=\"canonical\" href=\"https:\/\/mikrotiklab.online\/en\/monitoreo-2\/\" \/>\n<meta property=\"og:locale\" content=\"en_US\" \/>\n<meta property=\"og:type\" content=\"article\" \/>\n<meta property=\"og:title\" content=\"Monitoreo - Instructores\" \/>\n<meta property=\"og:description\" content=\"Monitoreo Servicio de monitoreo de red dise\u00f1ado para prevenir fallas, mejorar el rendimiento y garantizar la continuidad operativa. Detecta problemas antes de que afecten a tus clientes y mant\u00e9n el control total de tu infraestructura. \ud83d\udda5\ufe0f Monitoreo en tiempo real Supervisi\u00f3n continua de dispositivos, enlaces y servicios cr\u00edticos para detectar fallas de forma oportuna y\" \/>\n<meta property=\"og:url\" content=\"https:\/\/mikrotiklab.online\/en\/monitoreo-2\/\" \/>\n<meta property=\"og:site_name\" content=\"Instructores\" \/>\n<meta property=\"article:modified_time\" content=\"2026-04-03T03:11:46+00:00\" \/>\n<meta property=\"og:image\" content=\"https:\/\/mikrotiklab.online\/wp-content\/uploads\/2025\/04\/cropped-cropped-cropped-MikroTik-1.png\" \/>\n\t<meta property=\"og:image:width\" content=\"200\" \/>\n\t<meta property=\"og:image:height\" content=\"89\" \/>\n\t<meta property=\"og:image:type\" content=\"image\/png\" \/>\n<meta name=\"twitter:card\" content=\"summary_large_image\" \/>\n<meta name=\"twitter:label1\" content=\"Est. reading time\" \/>\n\t<meta name=\"twitter:data1\" content=\"2 minutes\" \/>\n<script type=\"application\/ld+json\" class=\"yoast-schema-graph\">{\"@context\":\"https:\\\/\\\/schema.org\",\"@graph\":[{\"@type\":\"WebPage\",\"@id\":\"https:\\\/\\\/mikrotiklab.online\\\/monitoreo-2\\\/\",\"url\":\"https:\\\/\\\/mikrotiklab.online\\\/monitoreo-2\\\/\",\"name\":\"Monitoreo - Instructores\",\"isPartOf\":{\"@id\":\"https:\\\/\\\/mikrotiklab.online\\\/#website\"},\"datePublished\":\"2026-04-02T18:11:40+00:00\",\"dateModified\":\"2026-04-03T03:11:46+00:00\",\"breadcrumb\":{\"@id\":\"https:\\\/\\\/mikrotiklab.online\\\/monitoreo-2\\\/#breadcrumb\"},\"inLanguage\":\"en-US\",\"potentialAction\":[{\"@type\":\"ReadAction\",\"target\":[\"https:\\\/\\\/mikrotiklab.online\\\/monitoreo-2\\\/\"]}]},{\"@type\":\"BreadcrumbList\",\"@id\":\"https:\\\/\\\/mikrotiklab.online\\\/monitoreo-2\\\/#breadcrumb\",\"itemListElement\":[{\"@type\":\"ListItem\",\"position\":1,\"name\":\"Inicio\",\"item\":\"https:\\\/\\\/mikrotiklab.online\\\/\"},{\"@type\":\"ListItem\",\"position\":2,\"name\":\"Monitoreo\"}]},{\"@type\":\"WebSite\",\"@id\":\"https:\\\/\\\/mikrotiklab.online\\\/#website\",\"url\":\"https:\\\/\\\/mikrotiklab.online\\\/\",\"name\":\"MikroTikLaB.online\",\"description\":\"MikroTIK\",\"publisher\":{\"@id\":\"https:\\\/\\\/mikrotiklab.online\\\/#\\\/schema\\\/person\\\/3d66928703e955de0e85a576164b791a\"},\"potentialAction\":[{\"@type\":\"SearchAction\",\"target\":{\"@type\":\"EntryPoint\",\"urlTemplate\":\"https:\\\/\\\/mikrotiklab.online\\\/?s={search_term_string}\"},\"query-input\":{\"@type\":\"PropertyValueSpecification\",\"valueRequired\":true,\"valueName\":\"search_term_string\"}}],\"inLanguage\":\"en-US\"},{\"@type\":[\"Person\",\"Organization\"],\"@id\":\"https:\\\/\\\/mikrotiklab.online\\\/#\\\/schema\\\/person\\\/3d66928703e955de0e85a576164b791a\",\"name\":\"andreshi681@gmail.com\",\"image\":{\"@type\":\"ImageObject\",\"inLanguage\":\"en-US\",\"@id\":\"https:\\\/\\\/mikrotiklab.online\\\/wp-content\\\/uploads\\\/2025\\\/04\\\/cropped-cropped-cropped-MikroTik-1.png\",\"url\":\"https:\\\/\\\/mikrotiklab.online\\\/wp-content\\\/uploads\\\/2025\\\/04\\\/cropped-cropped-cropped-MikroTik-1.png\",\"contentUrl\":\"https:\\\/\\\/mikrotiklab.online\\\/wp-content\\\/uploads\\\/2025\\\/04\\\/cropped-cropped-cropped-MikroTik-1.png\",\"width\":200,\"height\":89,\"caption\":\"andreshi681@gmail.com\"},\"logo\":{\"@id\":\"https:\\\/\\\/mikrotiklab.online\\\/wp-content\\\/uploads\\\/2025\\\/04\\\/cropped-cropped-cropped-MikroTik-1.png\"},\"sameAs\":[\"http:\\\/\\\/mikrotiklab.online\"]}]}<\/script>\n<!-- \/ Yoast SEO plugin. -->","yoast_head_json":{"title":"Monitoreo - Instructores","robots":{"index":"index","follow":"follow","max-snippet":"max-snippet:-1","max-image-preview":"max-image-preview:large","max-video-preview":"max-video-preview:-1"},"canonical":"https:\/\/mikrotiklab.online\/en\/monitoreo-2\/","og_locale":"en_US","og_type":"article","og_title":"Monitoreo - Instructores","og_description":"Monitoreo Servicio de monitoreo de red dise\u00f1ado para prevenir fallas, mejorar el rendimiento y garantizar la continuidad operativa. Detecta problemas antes de que afecten a tus clientes y mant\u00e9n el control total de tu infraestructura. \ud83d\udda5\ufe0f Monitoreo en tiempo real Supervisi\u00f3n continua de dispositivos, enlaces y servicios cr\u00edticos para detectar fallas de forma oportuna y","og_url":"https:\/\/mikrotiklab.online\/en\/monitoreo-2\/","og_site_name":"Instructores","article_modified_time":"2026-04-03T03:11:46+00:00","og_image":[{"width":200,"height":89,"url":"https:\/\/mikrotiklab.online\/wp-content\/uploads\/2025\/04\/cropped-cropped-cropped-MikroTik-1.png","type":"image\/png"}],"twitter_card":"summary_large_image","twitter_misc":{"Est. reading time":"2 minutes"},"schema":{"@context":"https:\/\/schema.org","@graph":[{"@type":"WebPage","@id":"https:\/\/mikrotiklab.online\/monitoreo-2\/","url":"https:\/\/mikrotiklab.online\/monitoreo-2\/","name":"Monitoreo - Instructores","isPartOf":{"@id":"https:\/\/mikrotiklab.online\/#website"},"datePublished":"2026-04-02T18:11:40+00:00","dateModified":"2026-04-03T03:11:46+00:00","breadcrumb":{"@id":"https:\/\/mikrotiklab.online\/monitoreo-2\/#breadcrumb"},"inLanguage":"en-US","potentialAction":[{"@type":"ReadAction","target":["https:\/\/mikrotiklab.online\/monitoreo-2\/"]}]},{"@type":"BreadcrumbList","@id":"https:\/\/mikrotiklab.online\/monitoreo-2\/#breadcrumb","itemListElement":[{"@type":"ListItem","position":1,"name":"Inicio","item":"https:\/\/mikrotiklab.online\/"},{"@type":"ListItem","position":2,"name":"Monitoreo"}]},{"@type":"WebSite","@id":"https:\/\/mikrotiklab.online\/#website","url":"https:\/\/mikrotiklab.online\/","name":"MikroTikLaB.online","description":"MikroTIK","publisher":{"@id":"https:\/\/mikrotiklab.online\/#\/schema\/person\/3d66928703e955de0e85a576164b791a"},"potentialAction":[{"@type":"SearchAction","target":{"@type":"EntryPoint","urlTemplate":"https:\/\/mikrotiklab.online\/?s={search_term_string}"},"query-input":{"@type":"PropertyValueSpecification","valueRequired":true,"valueName":"search_term_string"}}],"inLanguage":"en-US"},{"@type":["Person","Organization"],"@id":"https:\/\/mikrotiklab.online\/#\/schema\/person\/3d66928703e955de0e85a576164b791a","name":"andreshi681@gmail.com","image":{"@type":"ImageObject","inLanguage":"en-US","@id":"https:\/\/mikrotiklab.online\/wp-content\/uploads\/2025\/04\/cropped-cropped-cropped-MikroTik-1.png","url":"https:\/\/mikrotiklab.online\/wp-content\/uploads\/2025\/04\/cropped-cropped-cropped-MikroTik-1.png","contentUrl":"https:\/\/mikrotiklab.online\/wp-content\/uploads\/2025\/04\/cropped-cropped-cropped-MikroTik-1.png","width":200,"height":89,"caption":"andreshi681@gmail.com"},"logo":{"@id":"https:\/\/mikrotiklab.online\/wp-content\/uploads\/2025\/04\/cropped-cropped-cropped-MikroTik-1.png"},"sameAs":["http:\/\/mikrotiklab.online"]}]}},"jetpack_sharing_enabled":true,"_links":{"self":[{"href":"https:\/\/mikrotiklab.online\/en\/wp-json\/wp\/v2\/pages\/8424","targetHints":{"allow":["GET"]}}],"collection":[{"href":"https:\/\/mikrotiklab.online\/en\/wp-json\/wp\/v2\/pages"}],"about":[{"href":"https:\/\/mikrotiklab.online\/en\/wp-json\/wp\/v2\/types\/page"}],"author":[{"embeddable":true,"href":"https:\/\/mikrotiklab.online\/en\/wp-json\/wp\/v2\/users\/1"}],"replies":[{"embeddable":true,"href":"https:\/\/mikrotiklab.online\/en\/wp-json\/wp\/v2\/comments?post=8424"}],"version-history":[{"count":52,"href":"https:\/\/mikrotiklab.online\/en\/wp-json\/wp\/v2\/pages\/8424\/revisions"}],"predecessor-version":[{"id":8527,"href":"https:\/\/mikrotiklab.online\/en\/wp-json\/wp\/v2\/pages\/8424\/revisions\/8527"}],"wp:attachment":[{"href":"https:\/\/mikrotiklab.online\/en\/wp-json\/wp\/v2\/media?parent=8424"}],"curies":[{"name":"wp","href":"https:\/\/api.w.org\/{rel}","templated":true}]}}