{"id":8483,"date":"2026-04-02T14:40:19","date_gmt":"2026-04-02T19:40:19","guid":{"rendered":"https:\/\/mikrotiklab.online\/?page_id=8483"},"modified":"2026-04-02T21:32:23","modified_gmt":"2026-04-03T02:32:23","slug":"dns","status":"publish","type":"page","link":"https:\/\/mikrotiklab.online\/en\/dns\/","title":{"rendered":"Servidor DNS"},"content":{"rendered":"<div data-elementor-type=\"wp-page\" data-elementor-id=\"8483\" class=\"elementor elementor-8483\">\n\t\t\t\t<div class=\"elementor-element elementor-element-18fc7e0d e-flex e-con-boxed e-con e-parent\" data-id=\"18fc7e0d\" data-element_type=\"container\" data-e-type=\"container\" data-settings=\"{&quot;background_background&quot;:&quot;classic&quot;}\">\n\t\t\t\t\t<div class=\"e-con-inner\">\n\t\t<div class=\"elementor-element elementor-element-4824bd61 e-flex e-con-boxed e-con e-child\" data-id=\"4824bd61\" data-element_type=\"container\" data-e-type=\"container\">\n\t\t\t\t\t<div class=\"e-con-inner\">\n\t\t\t\t<div class=\"elementor-element elementor-element-33909768 elementor-icon-list--layout-inline elementor-mobile-align-center elementor-align-center elementor-list-item-link-full_width elementor-widget elementor-widget-icon-list\" data-id=\"33909768\" data-element_type=\"widget\" data-e-type=\"widget\" data-widget_type=\"icon-list.default\">\n\t\t\t\t<div class=\"elementor-widget-container\">\n\t\t\t\t\t\t\t<ul class=\"elementor-icon-list-items elementor-inline-items\">\n\t\t\t\t\t\t\t<li class=\"elementor-icon-list-item elementor-inline-item\">\n\t\t\t\t\t\t\t\t\t\t\t<a href=\"https:\/\/mikrotiklab.online\/en\/\">\n\n\t\t\t\t\t\t\t\t\t\t\t<span class=\"elementor-icon-list-text\"><\/span>\n\t\t\t\t\t\t\t\t\t\t\t<\/a>\n\t\t\t\t\t\t\t\t\t<\/li>\n\t\t\t\t\t\t<\/ul>\n\t\t\t\t\t\t<\/div>\n\t\t\t\t<\/div>\n\t\t\t\t\t<\/div>\n\t\t\t\t<\/div>\n\t\t\t\t\t<\/div>\n\t\t\t\t<\/div>\n\t\t<div class=\"elementor-element elementor-element-3a588ad8 e-con-full e-flex e-con e-parent\" data-id=\"3a588ad8\" data-element_type=\"container\" data-e-type=\"container\" data-settings=\"{&quot;background_background&quot;:&quot;classic&quot;}\">\n\t\t<div class=\"elementor-element elementor-element-4264bcfe e-con-full e-flex e-con e-child\" data-id=\"4264bcfe\" data-element_type=\"container\" data-e-type=\"container\">\n\t\t<div class=\"elementor-element elementor-element-1057b397 e-con-full e-flex e-con e-child\" data-id=\"1057b397\" data-element_type=\"container\" data-e-type=\"container\">\n\t\t\t\t<div class=\"elementor-element elementor-element-1a670ae9 elementor-widget__width-initial elementor-widget elementor-widget-image\" data-id=\"1a670ae9\" data-element_type=\"widget\" data-e-type=\"widget\" data-widget_type=\"image.default\">\n\t\t\t\t<div class=\"elementor-widget-container\">\n\t\t\t\t\t\t\t\t\t\t\t\t\t\t\t<img fetchpriority=\"high\" decoding=\"async\" width=\"2048\" height=\"2048\" src=\"https:\/\/mikrotiklab.online\/wp-content\/uploads\/2026\/04\/Black-and-Blue-Simple-Corporate-Business-Facebook-Profile-Picture-1.jpg\" class=\"attachment-full size-full wp-image-8493\" alt=\"\" srcset=\"https:\/\/mikrotiklab.online\/wp-content\/uploads\/2026\/04\/Black-and-Blue-Simple-Corporate-Business-Facebook-Profile-Picture-1.jpg 2048w, https:\/\/mikrotiklab.online\/wp-content\/uploads\/2026\/04\/Black-and-Blue-Simple-Corporate-Business-Facebook-Profile-Picture-1-300x300.jpg 300w, https:\/\/mikrotiklab.online\/wp-content\/uploads\/2026\/04\/Black-and-Blue-Simple-Corporate-Business-Facebook-Profile-Picture-1-1024x1024.jpg 1024w, https:\/\/mikrotiklab.online\/wp-content\/uploads\/2026\/04\/Black-and-Blue-Simple-Corporate-Business-Facebook-Profile-Picture-1-150x150.jpg 150w, https:\/\/mikrotiklab.online\/wp-content\/uploads\/2026\/04\/Black-and-Blue-Simple-Corporate-Business-Facebook-Profile-Picture-1-768x768.jpg 768w, https:\/\/mikrotiklab.online\/wp-content\/uploads\/2026\/04\/Black-and-Blue-Simple-Corporate-Business-Facebook-Profile-Picture-1-1536x1536.jpg 1536w, https:\/\/mikrotiklab.online\/wp-content\/uploads\/2026\/04\/Black-and-Blue-Simple-Corporate-Business-Facebook-Profile-Picture-1-12x12.jpg 12w\" sizes=\"(max-width: 2048px) 100vw, 2048px\" \/>\t\t\t\t\t\t\t\t\t\t\t\t\t\t\t<\/div>\n\t\t\t\t<\/div>\n\t\t<div class=\"elementor-element elementor-element-702bd23f e-con-full e-flex e-con e-child\" data-id=\"702bd23f\" data-element_type=\"container\" data-e-type=\"container\">\n\t\t\t\t<div class=\"elementor-element elementor-element-11be2261 elementor-widget elementor-widget-image\" data-id=\"11be2261\" data-element_type=\"widget\" data-e-type=\"widget\" data-widget_type=\"image.default\">\n\t\t\t\t<div class=\"elementor-widget-container\">\n\t\t\t\t\t\t\t\t\t\t\t\t\t\t\t<img decoding=\"async\" width=\"428\" height=\"226\" src=\"https:\/\/mikrotiklab.online\/wp-content\/uploads\/2026\/04\/Screenshot_2259.png\" class=\"attachment-full size-full wp-image-8494\" alt=\"\" srcset=\"https:\/\/mikrotiklab.online\/wp-content\/uploads\/2026\/04\/Screenshot_2259.png 428w, https:\/\/mikrotiklab.online\/wp-content\/uploads\/2026\/04\/Screenshot_2259-300x158.png 300w, https:\/\/mikrotiklab.online\/wp-content\/uploads\/2026\/04\/Screenshot_2259-18x10.png 18w\" sizes=\"(max-width: 428px) 100vw, 428px\" \/>\t\t\t\t\t\t\t\t\t\t\t\t\t\t\t<\/div>\n\t\t\t\t<\/div>\n\t\t\t\t<div class=\"elementor-element elementor-element-1afb58ba elementor-widget elementor-widget-image\" data-id=\"1afb58ba\" data-element_type=\"widget\" data-e-type=\"widget\" data-widget_type=\"image.default\">\n\t\t\t\t<div class=\"elementor-widget-container\">\n\t\t\t\t\t\t\t\t\t\t\t\t\t\t\t<img decoding=\"async\" width=\"440\" height=\"254\" src=\"https:\/\/mikrotiklab.online\/wp-content\/uploads\/2026\/04\/Screenshot_2266.png\" class=\"attachment-full size-full wp-image-8507\" alt=\"\" srcset=\"https:\/\/mikrotiklab.online\/wp-content\/uploads\/2026\/04\/Screenshot_2266.png 440w, https:\/\/mikrotiklab.online\/wp-content\/uploads\/2026\/04\/Screenshot_2266-300x173.png 300w, https:\/\/mikrotiklab.online\/wp-content\/uploads\/2026\/04\/Screenshot_2266-18x10.png 18w\" sizes=\"(max-width: 440px) 100vw, 440px\" \/>\t\t\t\t\t\t\t\t\t\t\t\t\t\t\t<\/div>\n\t\t\t\t<\/div>\n\t\t\t\t<\/div>\n\t\t\t\t<\/div>\n\t\t<div class=\"elementor-element elementor-element-2dd89140 e-con-full e-flex e-con e-child\" data-id=\"2dd89140\" data-element_type=\"container\" data-e-type=\"container\">\n\t\t\t\t<div class=\"elementor-element elementor-element-1fdbef29 elementor-widget__width-initial elementor-widget-mobile__width-inherit elementor-widget elementor-widget-text-editor\" data-id=\"1fdbef29\" data-element_type=\"widget\" data-e-type=\"widget\" data-widget_type=\"text-editor.default\">\n\t\t\t\t<div class=\"elementor-widget-container\">\n\t\t\t\t\t\t\t\t\t<p>Implementaci\u00f3n, configuraci\u00f3n y optimizaci\u00f3n de servidores DNS para garantizar alta disponibilidad, seguridad y rendimiento en redes empresariales e ISPs.<\/p>\t\t\t\t\t\t\t\t<\/div>\n\t\t\t\t<\/div>\n\t\t\t\t<\/div>\n\t\t\t\t<\/div>\n\t\t\t\t<\/div>\n\t\t<div class=\"elementor-element elementor-element-42d0f4e4 e-flex e-con-boxed e-con e-parent\" data-id=\"42d0f4e4\" data-element_type=\"container\" data-e-type=\"container\">\n\t\t\t\t\t<div class=\"e-con-inner\">\n\t\t\t\t\t<\/div>\n\t\t\t\t<\/div>\n\t\t\t\t<\/div>","protected":false},"excerpt":{"rendered":"<p>Implementaci\u00f3n, configuraci\u00f3n y optimizaci\u00f3n de servidores DNS para garantizar alta disponibilidad, seguridad y rendimiento en redes empresariales e ISPs.<\/p>","protected":false},"author":1,"featured_media":0,"parent":0,"menu_order":0,"comment_status":"closed","ping_status":"closed","template":"elementor_header_footer","meta":{"solace_meta_sidebar":"","solace_meta_container":"","solace_meta_enable_content_width":"","solace_meta_content_width":0,"solace_meta_title_alignment":"","solace_meta_author_avatar":"","solace_post_elements_order":"","solace_meta_disable_header":"","solace_meta_disable_footer":"","solace_meta_disable_title":"","footnotes":""},"class_list":["post-8483","page","type-page","status-publish","hentry"],"yoast_head":"<!-- This site is optimized with the Yoast SEO plugin v27.3 - https:\/\/yoast.com\/product\/yoast-seo-wordpress\/ -->\n<title>Servidor DNS - Clases online<\/title>\n<meta name=\"robots\" content=\"index, follow, max-snippet:-1, max-image-preview:large, max-video-preview:-1\" \/>\n<link rel=\"canonical\" href=\"https:\/\/mikrotiklab.online\/en\/dns\/\" \/>\n<meta property=\"og:locale\" content=\"en_US\" \/>\n<meta property=\"og:type\" content=\"article\" \/>\n<meta property=\"og:title\" content=\"Servidor DNS - Clases online\" \/>\n<meta property=\"og:description\" content=\"Implementaci\u00f3n, configuraci\u00f3n y optimizaci\u00f3n de servidores DNS para garantizar alta disponibilidad, seguridad y rendimiento en redes empresariales e ISPs.\" \/>\n<meta property=\"og:url\" content=\"https:\/\/mikrotiklab.online\/en\/dns\/\" \/>\n<meta property=\"og:site_name\" content=\"Instructores\" \/>\n<meta property=\"article:modified_time\" content=\"2026-04-03T02:32:23+00:00\" \/>\n<meta property=\"og:image\" content=\"https:\/\/mikrotiklab.online\/wp-content\/uploads\/2026\/04\/Black-and-Blue-Simple-Corporate-Business-Facebook-Profile-Picture-1.jpg\" \/>\n\t<meta property=\"og:image:width\" content=\"2048\" \/>\n\t<meta property=\"og:image:height\" content=\"2048\" \/>\n\t<meta property=\"og:image:type\" content=\"image\/jpeg\" \/>\n<meta name=\"twitter:card\" content=\"summary_large_image\" \/>\n<meta name=\"twitter:label1\" content=\"Est. reading time\" \/>\n\t<meta name=\"twitter:data1\" content=\"1 minute\" \/>\n<script type=\"application\/ld+json\" class=\"yoast-schema-graph\">{\"@context\":\"https:\\\/\\\/schema.org\",\"@graph\":[{\"@type\":\"WebPage\",\"@id\":\"https:\\\/\\\/mikrotiklab.online\\\/dns\\\/\",\"url\":\"https:\\\/\\\/mikrotiklab.online\\\/dns\\\/\",\"name\":\"Servidor DNS - Clases online\",\"isPartOf\":{\"@id\":\"https:\\\/\\\/mikrotiklab.online\\\/#website\"},\"primaryImageOfPage\":{\"@id\":\"https:\\\/\\\/mikrotiklab.online\\\/dns\\\/#primaryimage\"},\"image\":{\"@id\":\"https:\\\/\\\/mikrotiklab.online\\\/dns\\\/#primaryimage\"},\"thumbnailUrl\":\"https:\\\/\\\/mikrotiklab.online\\\/wp-content\\\/uploads\\\/2026\\\/04\\\/Black-and-Blue-Simple-Corporate-Business-Facebook-Profile-Picture-1.jpg\",\"datePublished\":\"2026-04-02T19:40:19+00:00\",\"dateModified\":\"2026-04-03T02:32:23+00:00\",\"breadcrumb\":{\"@id\":\"https:\\\/\\\/mikrotiklab.online\\\/dns\\\/#breadcrumb\"},\"inLanguage\":\"en-US\",\"potentialAction\":[{\"@type\":\"ReadAction\",\"target\":[\"https:\\\/\\\/mikrotiklab.online\\\/dns\\\/\"]}]},{\"@type\":\"ImageObject\",\"inLanguage\":\"en-US\",\"@id\":\"https:\\\/\\\/mikrotiklab.online\\\/dns\\\/#primaryimage\",\"url\":\"https:\\\/\\\/mikrotiklab.online\\\/wp-content\\\/uploads\\\/2026\\\/04\\\/Black-and-Blue-Simple-Corporate-Business-Facebook-Profile-Picture-1.jpg\",\"contentUrl\":\"https:\\\/\\\/mikrotiklab.online\\\/wp-content\\\/uploads\\\/2026\\\/04\\\/Black-and-Blue-Simple-Corporate-Business-Facebook-Profile-Picture-1.jpg\"},{\"@type\":\"BreadcrumbList\",\"@id\":\"https:\\\/\\\/mikrotiklab.online\\\/dns\\\/#breadcrumb\",\"itemListElement\":[{\"@type\":\"ListItem\",\"position\":1,\"name\":\"Inicio\",\"item\":\"https:\\\/\\\/mikrotiklab.online\\\/\"},{\"@type\":\"ListItem\",\"position\":2,\"name\":\"Servidor DNS\"}]},{\"@type\":\"WebSite\",\"@id\":\"https:\\\/\\\/mikrotiklab.online\\\/#website\",\"url\":\"https:\\\/\\\/mikrotiklab.online\\\/\",\"name\":\"MikroTikLaB.online\",\"description\":\"MikroTIK\",\"publisher\":{\"@id\":\"https:\\\/\\\/mikrotiklab.online\\\/#\\\/schema\\\/person\\\/3d66928703e955de0e85a576164b791a\"},\"potentialAction\":[{\"@type\":\"SearchAction\",\"target\":{\"@type\":\"EntryPoint\",\"urlTemplate\":\"https:\\\/\\\/mikrotiklab.online\\\/?s={search_term_string}\"},\"query-input\":{\"@type\":\"PropertyValueSpecification\",\"valueRequired\":true,\"valueName\":\"search_term_string\"}}],\"inLanguage\":\"en-US\"},{\"@type\":[\"Person\",\"Organization\"],\"@id\":\"https:\\\/\\\/mikrotiklab.online\\\/#\\\/schema\\\/person\\\/3d66928703e955de0e85a576164b791a\",\"name\":\"andreshi681@gmail.com\",\"image\":{\"@type\":\"ImageObject\",\"inLanguage\":\"en-US\",\"@id\":\"https:\\\/\\\/mikrotiklab.online\\\/wp-content\\\/uploads\\\/2025\\\/04\\\/cropped-cropped-cropped-MikroTik-1.png\",\"url\":\"https:\\\/\\\/mikrotiklab.online\\\/wp-content\\\/uploads\\\/2025\\\/04\\\/cropped-cropped-cropped-MikroTik-1.png\",\"contentUrl\":\"https:\\\/\\\/mikrotiklab.online\\\/wp-content\\\/uploads\\\/2025\\\/04\\\/cropped-cropped-cropped-MikroTik-1.png\",\"width\":200,\"height\":89,\"caption\":\"andreshi681@gmail.com\"},\"logo\":{\"@id\":\"https:\\\/\\\/mikrotiklab.online\\\/wp-content\\\/uploads\\\/2025\\\/04\\\/cropped-cropped-cropped-MikroTik-1.png\"},\"sameAs\":[\"http:\\\/\\\/mikrotiklab.online\"]}]}<\/script>\n<!-- \/ Yoast SEO plugin. -->","yoast_head_json":{"title":"Servidor DNS - Clases online","robots":{"index":"index","follow":"follow","max-snippet":"max-snippet:-1","max-image-preview":"max-image-preview:large","max-video-preview":"max-video-preview:-1"},"canonical":"https:\/\/mikrotiklab.online\/en\/dns\/","og_locale":"en_US","og_type":"article","og_title":"Servidor DNS - Clases online","og_description":"Implementaci\u00f3n, configuraci\u00f3n y optimizaci\u00f3n de servidores DNS para garantizar alta disponibilidad, seguridad y rendimiento en redes empresariales e ISPs.","og_url":"https:\/\/mikrotiklab.online\/en\/dns\/","og_site_name":"Instructores","article_modified_time":"2026-04-03T02:32:23+00:00","og_image":[{"width":2048,"height":2048,"url":"https:\/\/mikrotiklab.online\/wp-content\/uploads\/2026\/04\/Black-and-Blue-Simple-Corporate-Business-Facebook-Profile-Picture-1.jpg","type":"image\/jpeg"}],"twitter_card":"summary_large_image","twitter_misc":{"Est. reading time":"1 minute"},"schema":{"@context":"https:\/\/schema.org","@graph":[{"@type":"WebPage","@id":"https:\/\/mikrotiklab.online\/dns\/","url":"https:\/\/mikrotiklab.online\/dns\/","name":"Servidor DNS - Clases online","isPartOf":{"@id":"https:\/\/mikrotiklab.online\/#website"},"primaryImageOfPage":{"@id":"https:\/\/mikrotiklab.online\/dns\/#primaryimage"},"image":{"@id":"https:\/\/mikrotiklab.online\/dns\/#primaryimage"},"thumbnailUrl":"https:\/\/mikrotiklab.online\/wp-content\/uploads\/2026\/04\/Black-and-Blue-Simple-Corporate-Business-Facebook-Profile-Picture-1.jpg","datePublished":"2026-04-02T19:40:19+00:00","dateModified":"2026-04-03T02:32:23+00:00","breadcrumb":{"@id":"https:\/\/mikrotiklab.online\/dns\/#breadcrumb"},"inLanguage":"en-US","potentialAction":[{"@type":"ReadAction","target":["https:\/\/mikrotiklab.online\/dns\/"]}]},{"@type":"ImageObject","inLanguage":"en-US","@id":"https:\/\/mikrotiklab.online\/dns\/#primaryimage","url":"https:\/\/mikrotiklab.online\/wp-content\/uploads\/2026\/04\/Black-and-Blue-Simple-Corporate-Business-Facebook-Profile-Picture-1.jpg","contentUrl":"https:\/\/mikrotiklab.online\/wp-content\/uploads\/2026\/04\/Black-and-Blue-Simple-Corporate-Business-Facebook-Profile-Picture-1.jpg"},{"@type":"BreadcrumbList","@id":"https:\/\/mikrotiklab.online\/dns\/#breadcrumb","itemListElement":[{"@type":"ListItem","position":1,"name":"Inicio","item":"https:\/\/mikrotiklab.online\/"},{"@type":"ListItem","position":2,"name":"Servidor DNS"}]},{"@type":"WebSite","@id":"https:\/\/mikrotiklab.online\/#website","url":"https:\/\/mikrotiklab.online\/","name":"MikroTikLaB.online","description":"MikroTIK","publisher":{"@id":"https:\/\/mikrotiklab.online\/#\/schema\/person\/3d66928703e955de0e85a576164b791a"},"potentialAction":[{"@type":"SearchAction","target":{"@type":"EntryPoint","urlTemplate":"https:\/\/mikrotiklab.online\/?s={search_term_string}"},"query-input":{"@type":"PropertyValueSpecification","valueRequired":true,"valueName":"search_term_string"}}],"inLanguage":"en-US"},{"@type":["Person","Organization"],"@id":"https:\/\/mikrotiklab.online\/#\/schema\/person\/3d66928703e955de0e85a576164b791a","name":"andreshi681@gmail.com","image":{"@type":"ImageObject","inLanguage":"en-US","@id":"https:\/\/mikrotiklab.online\/wp-content\/uploads\/2025\/04\/cropped-cropped-cropped-MikroTik-1.png","url":"https:\/\/mikrotiklab.online\/wp-content\/uploads\/2025\/04\/cropped-cropped-cropped-MikroTik-1.png","contentUrl":"https:\/\/mikrotiklab.online\/wp-content\/uploads\/2025\/04\/cropped-cropped-cropped-MikroTik-1.png","width":200,"height":89,"caption":"andreshi681@gmail.com"},"logo":{"@id":"https:\/\/mikrotiklab.online\/wp-content\/uploads\/2025\/04\/cropped-cropped-cropped-MikroTik-1.png"},"sameAs":["http:\/\/mikrotiklab.online"]}]}},"jetpack_sharing_enabled":true,"_links":{"self":[{"href":"https:\/\/mikrotiklab.online\/en\/wp-json\/wp\/v2\/pages\/8483","targetHints":{"allow":["GET"]}}],"collection":[{"href":"https:\/\/mikrotiklab.online\/en\/wp-json\/wp\/v2\/pages"}],"about":[{"href":"https:\/\/mikrotiklab.online\/en\/wp-json\/wp\/v2\/types\/page"}],"author":[{"embeddable":true,"href":"https:\/\/mikrotiklab.online\/en\/wp-json\/wp\/v2\/users\/1"}],"replies":[{"embeddable":true,"href":"https:\/\/mikrotiklab.online\/en\/wp-json\/wp\/v2\/comments?post=8483"}],"version-history":[{"count":16,"href":"https:\/\/mikrotiklab.online\/en\/wp-json\/wp\/v2\/pages\/8483\/revisions"}],"predecessor-version":[{"id":8510,"href":"https:\/\/mikrotiklab.online\/en\/wp-json\/wp\/v2\/pages\/8483\/revisions\/8510"}],"wp:attachment":[{"href":"https:\/\/mikrotiklab.online\/en\/wp-json\/wp\/v2\/media?parent=8483"}],"curies":[{"name":"wp","href":"https:\/\/api.w.org\/{rel}","templated":true}]}}